{"id":19,"date":"2024-02-16T12:54:15","date_gmt":"2024-02-16T11:54:15","guid":{"rendered":"https:\/\/prodisf.fr\/crcdc\/?page_id=19"},"modified":"2025-09-22T13:32:44","modified_gmt":"2025-09-22T11:32:44","slug":"espace-professionnel","status":"publish","type":"page","link":"https:\/\/www.depistage-cancer.fr\/centre\/espace-professionnel\/","title":{"rendered":"Espace professionnel de sant\u00e9"},"content":{"rendered":"\n<h2 class=\"wp-block-heading has-text-align-left\">Foire aux questions &#8211; D\u00e9pistage organis\u00e9 du cancer colorectal<\/h2>\n\n\n<div class=\"lazyblock-question-reponse-1M8I95 wp-block-lazyblock-question-reponse\"><ul uk-accordion>\n    <li>\n        <a class=\"uk-accordion-title\" href>1 &#8211; Qui est concern\u00e9 par le d\u00e9pistage organis\u00e9 du cancer colorectal ?<\/a>\n        <div class=\"uk-accordion-content\"><p>Le d\u00e9pistage est recommand\u00e9 pour les personnes de 50 \u00e0 74 ans \u00e0 risque moyen pour le cancer colorectal.\u00a0 Les personnes \u00e0 risque \u00e9lev\u00e9 ou tr\u00e8s \u00e9lev\u00e9 doivent b\u00e9n\u00e9ficier d\u2019une coloscopie. Avant de remettre un kit, v\u00e9rifiez les ant\u00e9c\u00e9dents de votre patient. Pour vous aider, vous pouvez consulter les informations connues du CRCDC concernant votre patient en vous connectant \u00e0 l\u2019interface pro CRCDC (cf question 14).<\/p>\n<p><img decoding=\"async\" class=\"alignnone wp-image-4259 size-full lazyload\" data-src=\"https:\/\/www.depistage-cancer.fr\/centre\/wp-content\/uploads\/2025\/09\/Capture-decran-2025-09-15-a-13.49.05.png\" alt=\"\" width=\"1052\" height=\"408\" data-srcset=\"https:\/\/www.depistage-cancer.fr\/centre\/wp-content\/uploads\/2025\/09\/Capture-decran-2025-09-15-a-13.49.05.png 1052w, https:\/\/www.depistage-cancer.fr\/centre\/wp-content\/uploads\/2025\/09\/Capture-decran-2025-09-15-a-13.49.05-300x116.png 300w, https:\/\/www.depistage-cancer.fr\/centre\/wp-content\/uploads\/2025\/09\/Capture-decran-2025-09-15-a-13.49.05-1024x397.png 1024w, https:\/\/www.depistage-cancer.fr\/centre\/wp-content\/uploads\/2025\/09\/Capture-decran-2025-09-15-a-13.49.05-768x298.png 768w\" data-sizes=\"(max-width: 1052px) 100vw, 1052px\" src=\"data:image\/svg+xml;base64,PHN2ZyB3aWR0aD0iMSIgaGVpZ2h0PSIxIiB4bWxucz0iaHR0cDovL3d3dy53My5vcmcvMjAwMC9zdmciPjwvc3ZnPg==\" style=\"--smush-placeholder-width: 1052px; --smush-placeholder-aspect-ratio: 1052\/408;\" \/><\/p><\/div>\n    <\/li>\n    <li>\n        <a class=\"uk-accordion-title\" href>2 &#8211; Qui peut remettre un kit de d\u00e9pistage ? <\/a>\n        <div class=\"uk-accordion-content\"><p>Les m\u00e9decins g\u00e9n\u00e9ralistes, gastro-ent\u00e9rologues, gyn\u00e9cologues, m\u00e9decins de centre d\u2019examen de sant\u00e9 du r\u00e9gime g\u00e9n\u00e9ral de l\u2019assurance maladie et pharmaciens d\u2019officine.<\/p>\n<p>Le kit est envoy\u00e9 directement \u00e0 domicile dans les cas suivants uniquement\u00a0:<\/p>\n<ul>\n<li>La personne a command\u00e9 son kit sur le site\u00a0: <a href=\"https:\/\/monkit.depistage-colorectal.fr\/#\/invitation-franceconnect\">D\u00e9pistage organis\u00e9 du cancer colorectal \u2013 Commander son kit<\/a><\/li>\n<li>La personne re\u00e7oit une 2<sup>e<\/sup> relance de l\u2019Assurance maladie et elle a d\u00e9j\u00e0 particip\u00e9 au moins une fois \u00e0 l\u2019une des trois pr\u00e9c\u00e9dentes campagnes de d\u00e9pistage organis\u00e9.<\/li>\n<\/ul>\n<p>Une v\u00e9rification du niveau de risque pour le cancer colorectal est demand\u00e9e \u00e0 tous les professionnels pouvant remettre un kit. Lorsqu\u2019un patient commande un kit en ligne, il doit remplir un auto questionnaire, il ne recevra pas de kit s\u2019il indique des ant\u00e9c\u00e9dents particuliers.<\/p><\/div>\n    <\/li>\n    <li>\n        <a class=\"uk-accordion-title\" href>3 &#8211; Qui envoie les invitations ?<\/a>\n        <div class=\"uk-accordion-content\"><p>Les r\u00e9gimes d\u2019assurance maladie envoient les invitations et les relances depuis le 01\/01\/2024. Les invitations sont envoy\u00e9es par la poste et selon les r\u00e9gimes, les relances peuvent \u00eatre adress\u00e9es sur le compte Ameli des assur\u00e9s.<\/p>\n<p>Le CRCDC ne peut pas envoyer d\u2019invitations.<\/p>\n<p>Contact des diff\u00e9rentes caisses\u00a0:<\/p>\n<ul class=\"wp-block-list\">\n<li>CAMIEG :\u00a0<a href=\"tel:&quot;0806069300&quot;\">0 806 069 300<\/a><\/li>\n<li>CNMSS :<a href=\"tel:&quot;0494163600&quot;\">\u00a004 94 16 36 00<\/a><\/li>\n<li>CPAM et r\u00e9gimes h\u00e9berg\u00e9s * : Appeler au\u00a0<a href=\"tel:&quot;3646&quot;\">3646<\/a><\/li>\n<li>INTERIALE :<a href=\"tel:&quot;0970821821&quot;\">\u00a00 970 821 821<\/a><\/li>\n<li>MGEN :\u00a0<a href=\"tel:&quot;3676&quot;\">3676<\/a><\/li>\n<li>MSA :\n<ul class=\"wp-block-list\">\n<li>Appeler au\u00a0<a href=\"tel:&quot;0237999999&quot;\">02 37\u00a0999\u00a0999<\/a>\u00a0pour les d\u00e9partements du Cher (18), de l\u2019Eure-et-Loir (28), du Loiret (45)<\/li>\n<li>Appeler au\u00a0<a href=\"tel:0254448787\">02 54 44 87 87<\/a>\u00a0pour les d\u00e9partements de l\u2019Indre (36), de l\u2019Indre-et-Loire (37), du Loir-et-Cher (41)<\/li>\n<\/ul>\n<\/li>\n<li>SNCF appeler au\u00a0<a href=\"tel:0495040404\">04 95 04 04 04<\/a><\/li>\n<li>Autres r\u00e9gimes sp\u00e9ciaux d\u2019assurance maladie, veuillez directement contacter la caisse dont vous d\u00e9pendez.<\/li>\n<\/ul>\n<p><strong>*<\/strong>R\u00e9gimes h\u00e9berg\u00e9s\u00a0: Sections Locales Mutualistes (MAEE, CAMIEG, INTERIAL, MAGE, MCVPAP),\u00a0R\u00e9gime de la Banque de France (BDF), Caisse d\u2019Assurance Vieillesse Invalidit\u00e9 et Maladie des Cultes (CAVIMAC), R\u00e9gime Minier de S\u00e9curit\u00e9 Sociale (CANSSM), Caisse de Retraite et de Pr\u00e9voyance des Clercs et Employ\u00e9s de Notaire (CRPCEN), Etablissement National des Invalides de la Marine (ENIM), Mutuelle G\u00e9n\u00e9rale de la Police (MGP), Caisse des fran\u00e7ais de l\u2019\u00e9tranger (CFE).<\/p><\/div>\n    <\/li>\n    <li>\n        <a class=\"uk-accordion-title\" href>4 &#8211; Mon patient n\u2019a pas re\u00e7u son invitation pour le d\u00e9pistage du cancer colorectal, puis-je lui remettre un kit ?<\/a>\n        <div class=\"uk-accordion-content\"><p>Oui, l\u2019invitation n\u2019est pas indispensable pour remettre un kit de d\u00e9pistage. Vous v\u00e9rifiez que le dernier test date de plus de 24 mois et l\u2019absence de facteur de risque pour le cancer colorectal.<\/p><\/div>\n    <\/li>\n    <li>\n        <a class=\"uk-accordion-title\" href>5 &#8211; Si mon patient a re\u00e7u une invitation de l\u2019Assurance maladie, cela veut dire que je peux lui remettre un kit de d\u00e9pistage ?<\/a>\n        <div class=\"uk-accordion-content\"><p>Le ciblage de l\u2019Assurance maladie est r\u00e9alis\u00e9 \u00e0 partir des donn\u00e9es de remboursement (dernier test, coloscopie\u2026) mais certaines informations peuvent ne pas \u00eatre prises en compte, par exemple, les ant\u00e9c\u00e9dents familiaux.<\/p>\n<p>Avec ou sans invitation, il est n\u00e9cessaire d\u2019\u00e9valuer le niveau de risque de votre patient pour le cancer colorectal afin de l\u2019orienter vers le d\u00e9pistage adapt\u00e9. Cette v\u00e9rification du niveau de risque est demand\u00e9e \u00e0 tous les professionnels pouvant remettre un kit. Lorsqu\u2019un patient commande un kit en ligne, il doit remplir un auto questionnaire, il ne recevra pas de kit s\u2019il indique des ant\u00e9c\u00e9dents particuliers.<\/p><\/div>\n    <\/li>\n    <li>\n        <a class=\"uk-accordion-title\" href>6 &#8211; Quel est le r\u00f4le du CRCDC dans le programme ?<\/a>\n        <div class=\"uk-accordion-content\"><p>Le CRCDC re\u00e7oit quotidiennement du laboratoire les r\u00e9sultats des tests effectu\u00e9s (r\u00e9sultats n\u00e9gatifs, positifs, non analysables). Une v\u00e9rification de la situation du patient est faite avant d\u2019enregistrer les r\u00e9sultats de l\u2019analyse dans la base de donn\u00e9es.<\/p>\n<p><img decoding=\"async\" class=\"alignnone  wp-image-4256 lazyload\" data-src=\"https:\/\/www.depistage-cancer.fr\/centre\/wp-content\/uploads\/2025\/09\/Capture-decran-2025-09-15-a-13.46.53-300x127.png\" alt=\"\" width=\"768\" height=\"325\" data-srcset=\"https:\/\/www.depistage-cancer.fr\/centre\/wp-content\/uploads\/2025\/09\/Capture-decran-2025-09-15-a-13.46.53-300x127.png 300w, https:\/\/www.depistage-cancer.fr\/centre\/wp-content\/uploads\/2025\/09\/Capture-decran-2025-09-15-a-13.46.53-1024x433.png 1024w, https:\/\/www.depistage-cancer.fr\/centre\/wp-content\/uploads\/2025\/09\/Capture-decran-2025-09-15-a-13.46.53-768x325.png 768w, https:\/\/www.depistage-cancer.fr\/centre\/wp-content\/uploads\/2025\/09\/Capture-decran-2025-09-15-a-13.46.53.png 1078w\" data-sizes=\"(max-width: 768px) 100vw, 768px\" src=\"data:image\/svg+xml;base64,PHN2ZyB3aWR0aD0iMSIgaGVpZ2h0PSIxIiB4bWxucz0iaHR0cDovL3d3dy53My5vcmcvMjAwMC9zdmciPjwvc3ZnPg==\" style=\"--smush-placeholder-width: 768px; --smush-placeholder-aspect-ratio: 768\/325;\" \/><\/p><\/div>\n    <\/li>\n    <li>\n        <a class=\"uk-accordion-title\" href>7 &#8211; Que se passe-t-il si je remets un kit de d\u00e9pistage \u00e0 une personne \u00e0 risque \u00e9lev\u00e9 ?<\/a>\n        <div class=\"uk-accordion-content\"><p>La personne peut \u00eatre faussement rassur\u00e9e en cas de test n\u00e9gatif et ne pas r\u00e9aliser le d\u00e9pistage par coloscopie recommand\u00e9 pour son niveau de risque.<\/p>\n<p>Si le CRCDC a \u00e9t\u00e9 inform\u00e9 d\u2019un risque \u00e9lev\u00e9 pour le cancer colorectal pour cette personne (information re\u00e7ue de la personne elle-m\u00eame, d\u2019un m\u00e9decin ou de son gastro-ent\u00e9rologue),\u00a0une alerte sera g\u00e9n\u00e9r\u00e9e \u00e0 la r\u00e9ception du r\u00e9sultat dans la base de donn\u00e9es et un courrier vous sera adress\u00e9 pour que vous puissiez orienter votre patient vers les modalit\u00e9s de d\u00e9pistage adapt\u00e9. Un courrier est \u00e9galement envoy\u00e9 \u00e0 la personne en absence de m\u00e9decin identifi\u00e9.<\/p><\/div>\n    <\/li>\n    <li>\n        <a class=\"uk-accordion-title\" href>8 &#8211; Mon patient est \u00e0 risque \u00e9lev\u00e9 mais refuse un suivi par coloscopie, que faire ?<\/a>\n        <div class=\"uk-accordion-content\"><p>Vous pouvez proposer dans un premier temps une consultation avec un gastro-ent\u00e9rologue qui pourra donner des informations compl\u00e9mentaires notamment sur le d\u00e9roul\u00e9 de la coloscopie et les modalit\u00e9s de pr\u00e9paration colique. Un coloscanner permet \u00e9galement d\u2019explorer le cadre colique.<\/p>\n<p>Si votre patient souhaite faire un test de recherche de sang dans les selles, vous lui remettez une ordonnance pour r\u00e9aliser un test dans un laboratoire de ville.<\/p><\/div>\n    <\/li>\n    <li>\n        <a class=\"uk-accordion-title\" href>9 &#8211; Mon patient a des ant\u00e9c\u00e9dents d\u2019ad\u00e9nome mais son gastro-ent\u00e9rologue estime qu\u2019il peut \u00eatre \u00e0 nouveau inclus dans le programme de d\u00e9pistage organis\u00e9, comment proc\u00e9der ?<\/a>\n        <div class=\"uk-accordion-content\"><p>Lorsque plusieurs coloscopies ont \u00e9t\u00e9 r\u00e9alis\u00e9es sans retrouver de nouvel ad\u00e9nome, la HAS propose un retour dans le programme de d\u00e9pistage organis\u00e9 (<a href=\"https:\/\/www.has-sante.fr\/upload\/docs\/application\/pdf\/2017-06\/dir71\/fiche_memo_ccr.pdf\">Recommandations HAS<\/a>).<\/p>\n<p>Certains gastro-ent\u00e9rologues appliquent les recommandations de la SFED (qui diff\u00e8rent de celles de la HAS) indiquant un retour dans d\u00e9pistage organis\u00e9 directement apr\u00e8s un diagnostic d\u2019ad\u00e9nome dont les caract\u00e9ristiques sont jug\u00e9es \u00e0 bas risque (<a href=\"https:\/\/www.sfed.org\/wp-content\/uploads\/2022\/05\/modalites_de_surveillance_definitives-5ec.pdf\">Recommandation SFED<\/a>) .<\/p>\n<p>Pour que le CRCDC puisse r\u00e9int\u00e9grer votre patient dans le d\u00e9pistage organis\u00e9, vous pouvez nous adresser un courrier pr\u00e9cisant l\u2019avis du gastro-ent\u00e9rologue.<\/p><\/div>\n    <\/li>\n    <li>\n        <a class=\"uk-accordion-title\" href>10 &#8211;\tMon patient a eu un test de d\u00e9pistage positif mais souhaite refaire un test car il pense que cette premi\u00e8re analyse n\u2019\u00e9tait pas fiable, puis-je lui en remettre un nouveau ?<\/a>\n        <div class=\"uk-accordion-content\"><p>Tout test positif doit \u00eatre explor\u00e9 par une coloscopie quelles que soient les conditions de r\u00e9alisation du test (pr\u00e9sence de saignement h\u00e9morro\u00efdaire, fissure anale). Si votre patient refait un test de d\u00e9pistage, il ne sera pas pris en compte par le CRCDC et un courrier sera adress\u00e9 au m\u00e9decin identifi\u00e9 sur le test et au patient.<\/p><\/div>\n    <\/li>\n    <li>\n        <a class=\"uk-accordion-title\" href>11 &#8211; Que se passe-t-il si mon patient refuse de faire une coloscopie apr\u00e8s un test positif ?<\/a>\n        <div class=\"uk-accordion-content\"><p>Ne pas faire d\u2019exploration colique expose votre patient \u00e0 la d\u00e9couverte tardive de l\u00e9sions coliques. Un coloscanner, \u00e0 d\u00e9faut, peut \u00eatre propos\u00e9. Le CRCDC vous adresse ainsi qu\u2019au patient 3 courriers de relance pour informer de la n\u00e9cessit\u00e9 du suivi. Si votre patient refait un test de d\u00e9pistage, il ne sera pas pris en compte par le CRCDC et un courrier sera adress\u00e9 au m\u00e9decin identifi\u00e9 sur le test et au patient.<\/p><\/div>\n    <\/li>\n    <li>\n        <a class=\"uk-accordion-title\" href>12 &#8211; Que se passe-t-il si le r\u00e9sultat du test est \u00ab non analysable \u00bb ?<\/a>\n        <div class=\"uk-accordion-content\"><p>Le plus souvent le laboratoire ne peut pas analyser le test car il est p\u00e9rim\u00e9, il arrive au laboratoire \u00e0 plus de 6 jours de la date du pr\u00e9l\u00e8vement ou il manque la date de pr\u00e9l\u00e8vement sur la fiche d\u2019identification et le tube.<\/p>\n<p>En cas de test non analysable le laboratoire adresse une nouvelle fiche d\u2019identification pr\u00e9 remplie au patient et le prestataire fournissant les kits lui en envoie un par la poste sous 3 semaines.<\/p>\n<p>Si le 2<sup>e<\/sup> test est \u00e0 nouveau non analysable, il n\u2019y a pas de nouvel envoi de kit par le prestataire. Vous pouvez en remettre un \u00e0 votre patient en absence de nouveaux ant\u00e9c\u00e9dents.<\/p><\/div>\n    <\/li>\n    <li>\n        <a class=\"uk-accordion-title\" href>13 &#8211; Je ne re\u00e7ois pas les r\u00e9sultats des tests de d\u00e9pistage, comment faire ?<\/a>\n        <div class=\"uk-accordion-content\"><p>Le laboratoire adresse le r\u00e9sultat au m\u00e9decin identifi\u00e9 sur la fiche d\u2019identification jointe au pr\u00e9l\u00e8vement<\/p>\n<ul>\n<li>Les r\u00e9sultats positifs sont envoy\u00e9s par courrier en lettre suivie.<\/li>\n<li>Les r\u00e9sultats n\u00e9gatifs ou non analysables sont envoy\u00e9s par voie d\u00e9mat\u00e9rialis\u00e9e. Nous vous invitons \u00e0 contacter le laboratoire <strong>CERBA<\/strong> pour leur transmettre votre adresse de messagerie crypt\u00e9e ou configurer une autre modalit\u00e9 d\u2019acc\u00e8s (bioserveur) aux r\u00e9sultats : <a href=\"mailto:smdcc@lab-cerba.com\">smdcc@lab-cerba.com<\/a> ou 01 34 40 20 80.<\/li>\n<\/ul><\/div>\n    <\/li>\n    <li>\n        <a class=\"uk-accordion-title\" href>14 &#8211; A quoi sert l\u2019interface pro CRCDC et comment me connecter ?<\/a>\n        <div class=\"uk-accordion-content\"><p>Afin de vous accompagner dans votre pratique et d\u2019optimiser le suivi de vos patients, nous mettons \u00e0 votre disposition une <strong>partie de la base de donn\u00e9es du CRCDC<\/strong>. Cet outil en ligne et gratuit vous permet de :<\/p>\n<ul>\n<li>V\u00e9rifier rapidement le statut de vos patients aux trois d\u00e9pistages organis\u00e9s. Vous compl\u00e9tez par l\u2019interrogatoire sur le niveau de risque.<\/li>\n<li>Suivre les examens r\u00e9alis\u00e9s en cas de r\u00e9sultat positif et vous permettre de transmettre au CRCDC un compte-rendu de coloscopie et\/ou d\u2019anapath de fa\u00e7on s\u00e9curis\u00e9e en r\u00e9ponse \u00e0 nos courriers.<\/li>\n<\/ul>\n<p><strong>Demande d\u2019acc\u00e8s \u00e0 la plateforme\u00a0:<\/strong> envoyer un mail \u00e0 la charg\u00e9e de pr\u00e9vention et de sant\u00e9 publique de votre d\u00e9partement\u00a0: <a href=\"https:\/\/www.depistage-cancer.fr\/centre\/contact\/\">Centre de coordination Centre Val de Loire &#8211; Contact<\/a><\/p><\/div>\n    <\/li>\n<\/ul><\/div>\n\n\n<p><\/p>\n","protected":false},"excerpt":{"rendered":"<p>Foire aux questions &#8211; D\u00e9pistage organis\u00e9 du cancer colorectal<\/p>\n","protected":false},"author":1,"featured_media":0,"parent":0,"menu_order":0,"comment_status":"closed","ping_status":"closed","template":"templates\/template-espacepro.php","meta":{"_acf_changed":false,"inline_featured_image":false,"footnotes":""},"class_list":["post-19","page","type-page","status-publish","hentry"],"acf":[],"yoast_head":"<!-- This site is optimized with the Yoast SEO plugin v27.4 - https:\/\/yoast.com\/product\/yoast-seo-wordpress\/ -->\n<title>Espace professionnel de sant\u00e9 - Centre de coordination Centre Val de Loire - D\u00e9pistage des cancers<\/title>\n<meta name=\"description\" content=\"Professionnels de sant\u00e9, vous jouez un r\u00f4le essentiel dans les programmes de d\u00e9pistage organis\u00e9s des cancers. Retrouvez nos outils.\" \/>\n<meta name=\"robots\" content=\"index, follow, max-snippet:-1, max-image-preview:large, max-video-preview:-1\" \/>\n<link rel=\"canonical\" href=\"https:\/\/www.depistage-cancer.fr\/centre\/espace-professionnel\/\" \/>\n<meta property=\"og:locale\" content=\"fr_FR\" \/>\n<meta property=\"og:type\" content=\"article\" \/>\n<meta property=\"og:title\" content=\"Espace professionnel de sant\u00e9 - Centre de coordination Centre Val de Loire - D\u00e9pistage des cancers\" \/>\n<meta property=\"og:description\" content=\"Professionnels de sant\u00e9, vous jouez un r\u00f4le essentiel dans les programmes de d\u00e9pistage organis\u00e9s des cancers. Retrouvez nos outils.\" \/>\n<meta property=\"og:url\" content=\"https:\/\/www.depistage-cancer.fr\/centre\/espace-professionnel\/\" \/>\n<meta property=\"og:site_name\" content=\"Centre de coordination Centre Val de Loire - D\u00e9pistage des cancers\" \/>\n<meta property=\"article:publisher\" content=\"https:\/\/www.facebook.com\/Depistagedescancers.CVL\" \/>\n<meta property=\"article:modified_time\" content=\"2025-09-22T11:32:44+00:00\" \/>\n<meta property=\"og:image\" content=\"https:\/\/www.depistage-cancer.fr\/centre\/wp-content\/uploads\/2024\/06\/crcdc.jpg\" \/>\n\t<meta property=\"og:image:width\" content=\"1200\" \/>\n\t<meta property=\"og:image:height\" content=\"633\" \/>\n\t<meta property=\"og:image:type\" content=\"image\/jpeg\" \/>\n<meta name=\"twitter:card\" content=\"summary_large_image\" \/>\n<meta name=\"twitter:label1\" content=\"Dur\u00e9e de lecture estim\u00e9e\" \/>\n\t<meta name=\"twitter:data1\" content=\"1 minute\" \/>\n<script type=\"application\/ld+json\" class=\"yoast-schema-graph\">{\"@context\":\"https:\\\/\\\/schema.org\",\"@graph\":[{\"@type\":\"WebPage\",\"@id\":\"https:\\\/\\\/www.depistage-cancer.fr\\\/centre\\\/espace-professionnel\\\/\",\"url\":\"https:\\\/\\\/www.depistage-cancer.fr\\\/centre\\\/espace-professionnel\\\/\",\"name\":\"Espace professionnel de sant\u00e9 - Centre de coordination Centre Val de Loire - D\u00e9pistage des cancers\",\"isPartOf\":{\"@id\":\"https:\\\/\\\/www.depistage-cancer.fr\\\/centre\\\/#website\"},\"datePublished\":\"2024-02-16T11:54:15+00:00\",\"dateModified\":\"2025-09-22T11:32:44+00:00\",\"description\":\"Professionnels de sant\u00e9, vous jouez un r\u00f4le essentiel dans les programmes de d\u00e9pistage organis\u00e9s des cancers. Retrouvez nos outils.\",\"breadcrumb\":{\"@id\":\"https:\\\/\\\/www.depistage-cancer.fr\\\/centre\\\/espace-professionnel\\\/#breadcrumb\"},\"inLanguage\":\"fr-FR\",\"potentialAction\":[{\"@type\":\"ReadAction\",\"target\":[\"https:\\\/\\\/www.depistage-cancer.fr\\\/centre\\\/espace-professionnel\\\/\"]}]},{\"@type\":\"BreadcrumbList\",\"@id\":\"https:\\\/\\\/www.depistage-cancer.fr\\\/centre\\\/espace-professionnel\\\/#breadcrumb\",\"itemListElement\":[{\"@type\":\"ListItem\",\"position\":1,\"name\":\"Accueil\",\"item\":\"https:\\\/\\\/www.depistage-cancer.fr\\\/centre\\\/\"},{\"@type\":\"ListItem\",\"position\":2,\"name\":\"Espace professionnel de sant\u00e9\"}]},{\"@type\":\"WebSite\",\"@id\":\"https:\\\/\\\/www.depistage-cancer.fr\\\/centre\\\/#website\",\"url\":\"https:\\\/\\\/www.depistage-cancer.fr\\\/centre\\\/\",\"name\":\"Centre de coordination Centre Val de Loire - D\u00e9pistage des cancers\",\"description\":\"D\u00e9pister, c&#039;est prot\u00e9ger !\",\"publisher\":{\"@id\":\"https:\\\/\\\/www.depistage-cancer.fr\\\/centre\\\/#organization\"},\"alternateName\":\"CRCDC Centre Val de Loire\",\"potentialAction\":[{\"@type\":\"SearchAction\",\"target\":{\"@type\":\"EntryPoint\",\"urlTemplate\":\"https:\\\/\\\/www.depistage-cancer.fr\\\/centre\\\/?s={search_term_string}\"},\"query-input\":{\"@type\":\"PropertyValueSpecification\",\"valueRequired\":true,\"valueName\":\"search_term_string\"}}],\"inLanguage\":\"fr-FR\"},{\"@type\":\"Organization\",\"@id\":\"https:\\\/\\\/www.depistage-cancer.fr\\\/centre\\\/#organization\",\"name\":\"Centre de coordination Centre Val de Loire - D\u00e9pistage des cancers\",\"alternateName\":\"CRCDC Centre Val de Loire\",\"url\":\"https:\\\/\\\/www.depistage-cancer.fr\\\/centre\\\/\",\"logo\":{\"@type\":\"ImageObject\",\"inLanguage\":\"fr-FR\",\"@id\":\"https:\\\/\\\/www.depistage-cancer.fr\\\/centre\\\/#\\\/schema\\\/logo\\\/image\\\/\",\"url\":\"https:\\\/\\\/www.depistage-cancer.fr\\\/centre\\\/wp-content\\\/uploads\\\/2024\\\/02\\\/logo-crcdc-cvl.webp\",\"contentUrl\":\"https:\\\/\\\/www.depistage-cancer.fr\\\/centre\\\/wp-content\\\/uploads\\\/2024\\\/02\\\/logo-crcdc-cvl.webp\",\"width\":491,\"height\":238,\"caption\":\"Centre de coordination Centre Val de Loire - D\u00e9pistage des cancers\"},\"image\":{\"@id\":\"https:\\\/\\\/www.depistage-cancer.fr\\\/centre\\\/#\\\/schema\\\/logo\\\/image\\\/\"},\"sameAs\":[\"https:\\\/\\\/www.facebook.com\\\/Depistagedescancers.CVL\",\"https:\\\/\\\/www.youtube.com\\\/@crcdccentre-valdeloire8386\"]}]}<\/script>\n<!-- \/ Yoast SEO plugin. -->","yoast_head_json":{"title":"Espace professionnel de sant\u00e9 - Centre de coordination Centre Val de Loire - D\u00e9pistage des cancers","description":"Professionnels de sant\u00e9, vous jouez un r\u00f4le essentiel dans les programmes de d\u00e9pistage organis\u00e9s des cancers. Retrouvez nos outils.","robots":{"index":"index","follow":"follow","max-snippet":"max-snippet:-1","max-image-preview":"max-image-preview:large","max-video-preview":"max-video-preview:-1"},"canonical":"https:\/\/www.depistage-cancer.fr\/centre\/espace-professionnel\/","og_locale":"fr_FR","og_type":"article","og_title":"Espace professionnel de sant\u00e9 - Centre de coordination Centre Val de Loire - D\u00e9pistage des cancers","og_description":"Professionnels de sant\u00e9, vous jouez un r\u00f4le essentiel dans les programmes de d\u00e9pistage organis\u00e9s des cancers. Retrouvez nos outils.","og_url":"https:\/\/www.depistage-cancer.fr\/centre\/espace-professionnel\/","og_site_name":"Centre de coordination Centre Val de Loire - D\u00e9pistage des cancers","article_publisher":"https:\/\/www.facebook.com\/Depistagedescancers.CVL","article_modified_time":"2025-09-22T11:32:44+00:00","og_image":[{"width":1200,"height":633,"url":"https:\/\/www.depistage-cancer.fr\/centre\/wp-content\/uploads\/2024\/06\/crcdc.jpg","type":"image\/jpeg"}],"twitter_card":"summary_large_image","twitter_misc":{"Dur\u00e9e de lecture estim\u00e9e":"1 minute"},"schema":{"@context":"https:\/\/schema.org","@graph":[{"@type":"WebPage","@id":"https:\/\/www.depistage-cancer.fr\/centre\/espace-professionnel\/","url":"https:\/\/www.depistage-cancer.fr\/centre\/espace-professionnel\/","name":"Espace professionnel de sant\u00e9 - Centre de coordination Centre Val de Loire - D\u00e9pistage des cancers","isPartOf":{"@id":"https:\/\/www.depistage-cancer.fr\/centre\/#website"},"datePublished":"2024-02-16T11:54:15+00:00","dateModified":"2025-09-22T11:32:44+00:00","description":"Professionnels de sant\u00e9, vous jouez un r\u00f4le essentiel dans les programmes de d\u00e9pistage organis\u00e9s des cancers. Retrouvez nos outils.","breadcrumb":{"@id":"https:\/\/www.depistage-cancer.fr\/centre\/espace-professionnel\/#breadcrumb"},"inLanguage":"fr-FR","potentialAction":[{"@type":"ReadAction","target":["https:\/\/www.depistage-cancer.fr\/centre\/espace-professionnel\/"]}]},{"@type":"BreadcrumbList","@id":"https:\/\/www.depistage-cancer.fr\/centre\/espace-professionnel\/#breadcrumb","itemListElement":[{"@type":"ListItem","position":1,"name":"Accueil","item":"https:\/\/www.depistage-cancer.fr\/centre\/"},{"@type":"ListItem","position":2,"name":"Espace professionnel de sant\u00e9"}]},{"@type":"WebSite","@id":"https:\/\/www.depistage-cancer.fr\/centre\/#website","url":"https:\/\/www.depistage-cancer.fr\/centre\/","name":"Centre de coordination Centre Val de Loire - D\u00e9pistage des cancers","description":"D\u00e9pister, c&#039;est prot\u00e9ger !","publisher":{"@id":"https:\/\/www.depistage-cancer.fr\/centre\/#organization"},"alternateName":"CRCDC Centre Val de Loire","potentialAction":[{"@type":"SearchAction","target":{"@type":"EntryPoint","urlTemplate":"https:\/\/www.depistage-cancer.fr\/centre\/?s={search_term_string}"},"query-input":{"@type":"PropertyValueSpecification","valueRequired":true,"valueName":"search_term_string"}}],"inLanguage":"fr-FR"},{"@type":"Organization","@id":"https:\/\/www.depistage-cancer.fr\/centre\/#organization","name":"Centre de coordination Centre Val de Loire - D\u00e9pistage des cancers","alternateName":"CRCDC Centre Val de Loire","url":"https:\/\/www.depistage-cancer.fr\/centre\/","logo":{"@type":"ImageObject","inLanguage":"fr-FR","@id":"https:\/\/www.depistage-cancer.fr\/centre\/#\/schema\/logo\/image\/","url":"https:\/\/www.depistage-cancer.fr\/centre\/wp-content\/uploads\/2024\/02\/logo-crcdc-cvl.webp","contentUrl":"https:\/\/www.depistage-cancer.fr\/centre\/wp-content\/uploads\/2024\/02\/logo-crcdc-cvl.webp","width":491,"height":238,"caption":"Centre de coordination Centre Val de Loire - D\u00e9pistage des cancers"},"image":{"@id":"https:\/\/www.depistage-cancer.fr\/centre\/#\/schema\/logo\/image\/"},"sameAs":["https:\/\/www.facebook.com\/Depistagedescancers.CVL","https:\/\/www.youtube.com\/@crcdccentre-valdeloire8386"]}]}},"_links":{"self":[{"href":"https:\/\/www.depistage-cancer.fr\/centre\/wp-json\/wp\/v2\/pages\/19","targetHints":{"allow":["GET"]}}],"collection":[{"href":"https:\/\/www.depistage-cancer.fr\/centre\/wp-json\/wp\/v2\/pages"}],"about":[{"href":"https:\/\/www.depistage-cancer.fr\/centre\/wp-json\/wp\/v2\/types\/page"}],"author":[{"embeddable":true,"href":"https:\/\/www.depistage-cancer.fr\/centre\/wp-json\/wp\/v2\/users\/1"}],"replies":[{"embeddable":true,"href":"https:\/\/www.depistage-cancer.fr\/centre\/wp-json\/wp\/v2\/comments?post=19"}],"version-history":[{"count":58,"href":"https:\/\/www.depistage-cancer.fr\/centre\/wp-json\/wp\/v2\/pages\/19\/revisions"}],"predecessor-version":[{"id":4287,"href":"https:\/\/www.depistage-cancer.fr\/centre\/wp-json\/wp\/v2\/pages\/19\/revisions\/4287"}],"wp:attachment":[{"href":"https:\/\/www.depistage-cancer.fr\/centre\/wp-json\/wp\/v2\/media?parent=19"}],"curies":[{"name":"wp","href":"https:\/\/api.w.org\/{rel}","templated":true}]}}